{"id":11704,"date":"2015-01-26T09:02:14","date_gmt":"2015-01-26T09:02:14","guid":{"rendered":"https:\/\/www.lycianwaytrail.com\/privacy-and-cookies\/"},"modified":"2025-03-06T12:22:20","modified_gmt":"2025-03-06T12:22:20","slug":"gizlilik-ve-cerezler","status":"publish","type":"page","link":"https:\/\/www.lycianwaytrail.com\/tr\/gizlilik-ve-cerezler\/","title":{"rendered":"Gizlilik ve \u00c7erezler"},"content":{"rendered":"<p data-start=\"41\" data-end=\"449\"><strong data-start=\"41\" data-end=\"79\">Gizlili\u011finiz bizim i\u00e7in \u00f6nemlidir.<\/strong> G\u00fcveninize de\u011fer veriyoruz ve bize verdi\u011finiz ki\u015fisel bilgileri korumaya ve g\u00fcvence alt\u0131na almaya kararl\u0131y\u0131z. Bu belge, zaman zaman g\u00fcncellenmekte olup, ki\u015fisel verilerinizi nas\u0131l kulland\u0131\u011f\u0131m\u0131z\u0131 ve i\u015fledi\u011fimizi, \u00e7erezleri nas\u0131l kulland\u0131\u011f\u0131m\u0131z\u0131 a\u00e7\u0131klamaktad\u0131r. Ayr\u0131ca, ki\u015fisel bilgileriniz hakk\u0131nda sorular\u0131n\u0131z varsa nas\u0131l bizimle ileti\u015fime ge\u00e7ebilece\u011finizi de a\u00e7\u0131klar.<\/p>\n<p data-start=\"451\" data-end=\"690\"><strong data-start=\"451\" data-end=\"463\">Lycianwaytrail.com<\/strong>, kendi web siteleri, mobil uygulamalar\u0131 ve ortak web siteleri ile sosyal medya platformlar\u0131 gibi \u00e7e\u015fitli \u00e7evrimi\u00e7i platformlar \u00fczerinden seyahat hizmetleri sunmaktad\u0131r. A\u015fa\u011f\u0131daki bilgiler, t\u00fcm bu platformlar i\u00e7in ge\u00e7erlidir.<\/p>\n<hr data-start=\"692\" data-end=\"695\" \/>\n<h2 data-start=\"697\" data-end=\"714\"><strong data-start=\"700\" data-end=\"712\">Gizlilik<\/strong><\/h2>\n<h3 data-start=\"716\" data-end=\"772\"><strong data-start=\"720\" data-end=\"770\">Lycianwaytrail.com hangi t\u00fcr ki\u015fisel bilgileri kullan\u0131r?<\/strong><\/h3>\n<p data-start=\"774\" data-end=\"978\">Rezervasyon yaparken ad\u0131n\u0131z, adresiniz, telefon numaran\u0131z, e-posta adresiniz, \u00f6deme bilgileriniz, sizinle seyahat eden misafirlerin isimleri ve konaklaman\u0131z i\u00e7in tercih etti\u011finiz se\u00e7enekler istenebilir.<\/p>\n<p data-start=\"980\" data-end=\"1219\">Rezervasyonlar\u0131n\u0131z\u0131 daha kolay y\u00f6netebilmeniz i\u00e7in bir kullan\u0131c\u0131 hesab\u0131 olu\u015fturabilirsiniz. Bu hesap, ki\u015fisel ayarlar\u0131n\u0131z\u0131 kaydetmenizi, \u00f6nceki rezervasyonlar\u0131n\u0131z\u0131 g\u00f6zden ge\u00e7irmenizi ve gelecekteki rezervasyonlar\u0131n\u0131z\u0131 y\u00f6netmenizi sa\u011flar.<\/p>\n<p data-start=\"1221\" data-end=\"1445\">Web sitemizi ziyaret etti\u011finizde, rezervasyon yapmasan\u0131z bile IP adresiniz, taray\u0131c\u0131 bilgileriniz, i\u015fletim sisteminiz, uygulama s\u00fcr\u00fcm\u00fcn\u00fcz, dil ayarlar\u0131n\u0131z ve g\u00f6r\u00fcnt\u00fcledi\u011finiz sayfalar gibi belirli bilgileri toplayabiliriz.<\/p>\n<hr data-start=\"1447\" data-end=\"1450\" \/>\n<h3 data-start=\"1452\" data-end=\"1527\"><strong data-start=\"1456\" data-end=\"1525\">Lycianwaytrail.com ki\u015fisel verilerinizi neden toplar, kullan\u0131r ve payla\u015f\u0131r?<\/strong><\/h3>\n<ul data-start=\"1529\" data-end=\"3036\">\n<li data-start=\"1529\" data-end=\"1700\"><strong data-start=\"1531\" data-end=\"1549\">Rezervasyonlar<\/strong>: \u00d6ncelikli olarak, \u00e7evrimi\u00e7i rezervasyonunuzu tamamlamak ve rezervasyon bilgilerinizi konaklama yerine iletmek i\u00e7in ki\u015fisel verilerinizi kullan\u0131r\u0131z.<\/li>\n<li data-start=\"1701\" data-end=\"1813\"><strong data-start=\"1703\" data-end=\"1725\">M\u00fc\u015fteri hizmetleri<\/strong>: Uluslararas\u0131 m\u00fc\u015fteri hizmetleri ekibimiz, 8\u2019den fazla dilde 7\/24 hizmet vermektedir.<\/li>\n<li data-start=\"1814\" data-end=\"1913\"><strong data-start=\"1816\" data-end=\"1837\">Misafir yorumlar\u0131<\/strong>: Size konaklaman\u0131zdan sonra yorum yapman\u0131z i\u00e7in bir davet g\u00f6nderebiliriz.<\/li>\n<li data-start=\"1914\" data-end=\"2116\"><strong data-start=\"1916\" data-end=\"1934\">Hesap y\u00f6netimi<\/strong>: Web sitemizde bir kullan\u0131c\u0131 hesab\u0131 olu\u015fturabilirsiniz. Bu hesap, rezervasyonlar\u0131n\u0131z\u0131 y\u00f6netmenize, \u00f6zel tekliflerden faydalanman\u0131za ve ki\u015fisel ayarlar\u0131n\u0131z\u0131 yapman\u0131za olanak tan\u0131r.<\/li>\n<li data-start=\"2117\" data-end=\"2451\"><strong data-start=\"2119\" data-end=\"2145\">Pazarlama faaliyetleri<\/strong>:\n<ul data-start=\"2151\" data-end=\"2451\">\n<li data-start=\"2151\" data-end=\"2260\">Rezervasyon yapt\u0131\u011f\u0131n\u0131zda veya bir hesap olu\u015fturdu\u011funuzda, seyahatle ilgili haberleri size g\u00f6nderebiliriz.<\/li>\n<li data-start=\"2263\" data-end=\"2334\">Payla\u015ft\u0131\u011f\u0131n\u0131z bilgilere dayanarak, size \u00f6zel teklifler sunabiliriz.<\/li>\n<li data-start=\"2337\" data-end=\"2451\">\u0130lginizi \u00e7ekebilece\u011fini d\u00fc\u015f\u00fcnd\u00fc\u011f\u00fcm\u00fcz bir teklifi payla\u015fmak i\u00e7in sizinle telefon yoluyla ileti\u015fime ge\u00e7ebiliriz.<\/li>\n<\/ul>\n<\/li>\n<li data-start=\"2452\" data-end=\"2721\"><strong data-start=\"2454\" data-end=\"2475\">Di\u011fer ileti\u015fimler<\/strong>:\n<ul data-start=\"2481\" data-end=\"2721\">\n<li data-start=\"2481\" data-end=\"2547\">Taleplerinize yan\u0131t vermek i\u00e7in sizinle ileti\u015fime ge\u00e7ebiliriz.<\/li>\n<li data-start=\"2550\" data-end=\"2625\">Tamamlanmam\u0131\u015f bir rezervasyonu hat\u0131rlatmak i\u00e7in e-posta g\u00f6nderebiliriz.<\/li>\n<li data-start=\"2628\" data-end=\"2721\">Kullan\u0131c\u0131 deneyiminizi art\u0131rmak ad\u0131na anketler ve de\u011ferlendirme davetleri g\u00f6nderebiliriz.<\/li>\n<\/ul>\n<\/li>\n<li data-start=\"2722\" data-end=\"2812\"><strong data-start=\"2724\" data-end=\"2745\">Pazar ara\u015ft\u0131rmas\u0131<\/strong>: Bazen kullan\u0131c\u0131lar\u0131m\u0131z\u0131 pazar ara\u015ft\u0131rmalar\u0131na davet edebiliriz.<\/li>\n<li data-start=\"2813\" data-end=\"2939\"><strong data-start=\"2815\" data-end=\"2841\">Doland\u0131r\u0131c\u0131l\u0131\u011f\u0131 \u00f6nleme<\/strong>: Doland\u0131r\u0131c\u0131l\u0131k ve yasa d\u0131\u015f\u0131 faaliyetleri \u00f6nlemek amac\u0131yla ki\u015fisel verilerinizi kullanabiliriz.<\/li>\n<li data-start=\"2940\" data-end=\"3036\"><strong data-start=\"2942\" data-end=\"2971\">Hizmetlerimizi geli\u015ftirme<\/strong>: Kullan\u0131c\u0131 deneyimini iyile\u015ftirmek amac\u0131yla analizler yapar\u0131z.<\/li>\n<\/ul>\n<hr data-start=\"3038\" data-end=\"3041\" \/>\n<h3 data-start=\"3043\" data-end=\"3116\"><strong data-start=\"3047\" data-end=\"3114\">Lycianwaytrail.com ki\u015fisel verilerinizi \u00fc\u00e7\u00fcnc\u00fc taraflarla nas\u0131l payla\u015f\u0131r?<\/strong><\/h3>\n<ul data-start=\"3118\" data-end=\"3686\">\n<li data-start=\"3118\" data-end=\"3331\"><strong data-start=\"3120\" data-end=\"3164\">Rezervasyon yapt\u0131\u011f\u0131n\u0131z konaklama yerleri<\/strong>: Rezervasyonunuzu tamamlamak i\u00e7in ad\u0131n\u0131z, ileti\u015fim bilgileriniz, \u00f6deme detaylar\u0131n\u0131z ve seyahat eden di\u011fer misafirlerin bilgilerini ilgili konaklama yerine iletiriz.<\/li>\n<li data-start=\"3332\" data-end=\"3582\"><strong data-start=\"3334\" data-end=\"3371\">\u00dc\u00e7\u00fcnc\u00fc taraf hizmet sa\u011flay\u0131c\u0131lar\u0131<\/strong>:\n<ul data-start=\"3377\" data-end=\"3582\">\n<li data-start=\"3377\" data-end=\"3414\">Rezervasyon bilgilerinizi iletmek<\/li>\n<li data-start=\"3417\" data-end=\"3454\">\u00d6deme i\u015flemlerini ger\u00e7ekle\u015ftirmek<\/li>\n<\/ul>\n<\/li>\n<li data-start=\"3583\" data-end=\"3686\"><strong data-start=\"3585\" data-end=\"3605\">Yetkili makamlar<\/strong>: Yasal gereklilikler do\u011frultusunda, yetkili makamlarla i\u015f birli\u011fi yapabiliriz.<\/li>\n<\/ul>\n<hr data-start=\"3688\" data-end=\"3691\" \/>\n<h2 data-start=\"3693\" data-end=\"3710\"><strong data-start=\"3696\" data-end=\"3708\">\u00c7erezler<\/strong><\/h2>\n<h3 data-start=\"3712\" data-end=\"3734\"><strong data-start=\"3716\" data-end=\"3732\">\u00c7erez nedir?<\/strong><\/h3>\n<p data-start=\"3735\" data-end=\"3837\">\u00c7erez, bilgisayar\u0131n\u0131z\u0131n veya mobil cihaz\u0131n\u0131z\u0131n taray\u0131c\u0131s\u0131na yerle\u015ftirilen k\u00fc\u00e7\u00fck bir veri par\u00e7as\u0131d\u0131r.<\/p>\n<h3 data-start=\"3839\" data-end=\"3875\"><strong data-start=\"3843\" data-end=\"3873\">\u00c7erezler neden kullan\u0131l\u0131r?<\/strong><\/h3>\n<p data-start=\"3876\" data-end=\"4004\">\u00c7erezler, dil ve para birimi tercihlerinizi hat\u0131rlamak ve web sitemize tekrar giri\u015f yapt\u0131\u011f\u0131n\u0131zda sizi tan\u0131mak i\u00e7in kullan\u0131l\u0131r.<\/p>\n<h3 data-start=\"4006\" data-end=\"4042\"><strong data-start=\"4010\" data-end=\"4040\">\u00c7erezler nas\u0131l kullan\u0131l\u0131r?<\/strong><\/h3>\n<ul data-start=\"4044\" data-end=\"4407\">\n<li data-start=\"4044\" data-end=\"4127\"><strong data-start=\"4046\" data-end=\"4065\">Teknik \u00e7erezler<\/strong>: Web sitemizin d\u00fczg\u00fcn \u00e7al\u0131\u015fmas\u0131n\u0131 sa\u011flamak i\u00e7in gereklidir.<\/li>\n<li data-start=\"4128\" data-end=\"4238\"><strong data-start=\"4130\" data-end=\"4151\">\u0130\u015flevsel \u00e7erezler<\/strong>: Kullan\u0131c\u0131 deneyiminizi geli\u015ftirmek i\u00e7in tercihlerinizi hat\u0131rlamam\u0131za yard\u0131mc\u0131 olur.<\/li>\n<li data-start=\"4239\" data-end=\"4335\"><strong data-start=\"4241\" data-end=\"4262\">Analitik \u00e7erezler<\/strong>: Web sitemizin kullan\u0131m\u0131n\u0131 analiz ederek geli\u015ftirmemize yard\u0131mc\u0131 olur.<\/li>\n<li data-start=\"4336\" data-end=\"4407\"><strong data-start=\"4338\" data-end=\"4357\">Ticari \u00e7erezler<\/strong>: Size \u00f6zel reklamlar g\u00f6stermek i\u00e7in kullan\u0131l\u0131r.<\/li>\n<\/ul>\n<h3 data-start=\"4409\" data-end=\"4462\"><strong data-start=\"4413\" data-end=\"4460\">Lycianwaytrail.com \u00e7erezleri ne kadar s\u00fcreyle saklar?<\/strong><\/h3>\n<p data-start=\"4463\" data-end=\"4592\">Baz\u0131 \u00e7erezler, en fazla bir y\u0131l s\u00fcreyle saklan\u0131r. Ancak, \u00e7erezleri taray\u0131c\u0131n\u0131z\u0131n ayarlar\u0131ndan istedi\u011finiz zaman silebilirsiniz.<\/p>\n<h3 data-start=\"4594\" data-end=\"4648\"><strong data-start=\"4598\" data-end=\"4646\">\u00c7erez tercihlerinizi nas\u0131l y\u00f6netebilirsiniz?<\/strong><\/h3>\n<p data-start=\"4649\" data-end=\"4786\">Taray\u0131c\u0131n\u0131z\u0131n ayarlar\u0131ndan (Google Chrome, Safari, Firefox, vb.) hangi \u00e7erezleri kabul edece\u011finizi veya reddedece\u011finizi se\u00e7ebilirsiniz.<\/p>\n<hr data-start=\"4788\" data-end=\"4791\" \/>\n<h2 data-start=\"4793\" data-end=\"4810\"><strong data-start=\"4796\" data-end=\"4808\">G\u00fcvenlik<\/strong><\/h2>\n<h3 data-start=\"4812\" data-end=\"4864\"><strong data-start=\"4816\" data-end=\"4862\">Lycianwaytrail.com ki\u015fisel verilerinizi nas\u0131l korur?<\/strong><\/h3>\n<p data-start=\"4865\" data-end=\"5031\">Avrupa veri koruma yasalar\u0131na uygun olarak, ki\u015fisel bilgilerinizi yetkisiz eri\u015fim ve k\u00f6t\u00fcye kullan\u0131m riskine kar\u015f\u0131 korumak i\u00e7in \u00e7e\u015fitli g\u00fcvenlik \u00f6nlemleri al\u0131yoruz.<\/p>\n<ul data-start=\"5033\" data-end=\"5354\">\n<li data-start=\"5033\" data-end=\"5091\">G\u00fcvenlik prosed\u00fcrleri ve teknik \u00f6nlemler kullan\u0131yoruz.<\/li>\n<li data-start=\"5092\" data-end=\"5151\">Yaln\u0131zca yetkili personel ki\u015fisel bilgilere eri\u015febilir.<\/li>\n<li data-start=\"5152\" data-end=\"5354\">Kredi kart\u0131 bilgileriniz, rezervasyon i\u015flemi tamamland\u0131ktan sonra maksimum 10 g\u00fcn s\u00fcreyle saklan\u0131r ve ard\u0131ndan sistemlerimizden silinir veya doland\u0131r\u0131c\u0131l\u0131\u011f\u0131 \u00f6nlemek i\u00e7in \u015fifrelenmi\u015f \u015fekilde tutulur.<\/li>\n<\/ul>\n<hr data-start=\"5356\" data-end=\"5359\" \/>\n<h2 data-start=\"5361\" data-end=\"5378\"><strong data-start=\"5364\" data-end=\"5376\">\u0130leti\u015fim<\/strong><\/h2>\n<h3 data-start=\"5380\" data-end=\"5457\"><strong data-start=\"5384\" data-end=\"5455\">Lycianwaytrail.com&#8217;a verdi\u011finiz ki\u015fisel verileri nas\u0131l kontrol edebilirsiniz?<\/strong><\/h3>\n<ul data-start=\"5458\" data-end=\"5885\">\n<li data-start=\"5458\" data-end=\"5643\">Hakk\u0131n\u0131zda tuttu\u011fumuz ki\u015fisel bilgileri inceleme hakk\u0131na sahipsiniz. <a rel=\"noopener\" data-start=\"5529\" data-end=\"5551\">info@selikyatravel.com<\/a> adresine &#8220;Ki\u015fisel Bilgi Talebi&#8221; ba\u015fl\u0131kl\u0131 bir e-posta g\u00f6ndererek talepte bulunabilirsiniz.<\/li>\n<li data-start=\"5644\" data-end=\"5826\">Ki\u015fisel bilgilerinizin g\u00fcncellenmesini veya veritaban\u0131m\u0131zdan silinmesini talep edebilirsiniz. Ancak, yasal veya idari sebeplerden dolay\u0131 belirli bilgileri saklamam\u0131z gerekebilir.<\/li>\n<li data-start=\"5827\" data-end=\"5885\">Kullan\u0131c\u0131 hesab\u0131n\u0131z\u0131 istedi\u011finiz zaman silebilirsiniz.<\/li>\n<\/ul>\n<h3 data-start=\"5887\" data-end=\"5985\"><strong data-start=\"5891\" data-end=\"5983\">Lycianwaytrail.com web sitesi ve uygulamalar\u0131ndaki ki\u015fisel verilerin i\u015flenmesinden kim sorumludur?<\/strong><\/h3>\n<p data-start=\"5986\" data-end=\"6059\">Lycianwaytrail.com, <strong>Selikya Travel<\/strong> taraf\u0131ndan y\u00f6netilen bir seyahat platformudur.<\/p>\n<p data-start=\"6061\" data-end=\"6182\">Gizlilik politikam\u0131z hakk\u0131nda \u00f6neri veya yorumlar\u0131n\u0131z varsa, <a rel=\"noopener\" data-start=\"6122\" data-end=\"6144\">info@selikyatravel.com<\/a> adresine e-posta g\u00f6nderebilirsiniz.<\/p>\n<p data-start=\"6184\" data-end=\"6216\" data-is-last-node=\"\" data-is-only-node=\"\"><strong><em>Son g\u00fcncelleme: \u015eubat 2025<\/em><\/strong><\/p>\n","protected":false},"excerpt":{"rendered":"<p>Gizlili\u011finiz bizim i\u00e7in \u00f6nemlidir. G\u00fcveninize de\u011fer veriyoruz ve bize verdi\u011finiz ki\u015fisel bilgileri korumaya ve g\u00fcvence alt\u0131na almaya kararl\u0131y\u0131z. Bu belge, zaman zaman g\u00fcncellenmekte olup, ki\u015fisel verilerinizi nas\u0131l kulland\u0131\u011f\u0131m\u0131z\u0131 ve i\u015fledi\u011fimizi, \u00e7erezleri nas\u0131l kulland\u0131\u011f\u0131m\u0131z\u0131 a\u00e7\u0131klamaktad\u0131r. Ayr\u0131ca, ki\u015fisel bilgileriniz hakk\u0131nda sorular\u0131n\u0131z varsa nas\u0131l bizimle ileti\u015fime ge\u00e7ebilece\u011finizi de a\u00e7\u0131klar. Lycianwaytrail.com, kendi web siteleri, mobil uygulamalar\u0131 ve ortak web [&hellip;]<\/p>\n","protected":false},"author":1,"featured_media":11713,"parent":0,"menu_order":0,"comment_status":"open","ping_status":"closed","template":"","meta":{"footnotes":""},"class_list":["post-11704","page","type-page","status-publish","has-post-thumbnail","hentry"],"_links":{"self":[{"href":"https:\/\/www.lycianwaytrail.com\/tr\/wp-json\/wp\/v2\/pages\/11704","targetHints":{"allow":["GET"]}}],"collection":[{"href":"https:\/\/www.lycianwaytrail.com\/tr\/wp-json\/wp\/v2\/pages"}],"about":[{"href":"https:\/\/www.lycianwaytrail.com\/tr\/wp-json\/wp\/v2\/types\/page"}],"author":[{"embeddable":true,"href":"https:\/\/www.lycianwaytrail.com\/tr\/wp-json\/wp\/v2\/users\/1"}],"replies":[{"embeddable":true,"href":"https:\/\/www.lycianwaytrail.com\/tr\/wp-json\/wp\/v2\/comments?post=11704"}],"version-history":[{"count":0,"href":"https:\/\/www.lycianwaytrail.com\/tr\/wp-json\/wp\/v2\/pages\/11704\/revisions"}],"wp:featuredmedia":[{"embeddable":true,"href":"https:\/\/www.lycianwaytrail.com\/tr\/wp-json\/wp\/v2\/media\/11713"}],"wp:attachment":[{"href":"https:\/\/www.lycianwaytrail.com\/tr\/wp-json\/wp\/v2\/media?parent=11704"}],"curies":[{"name":"wp","href":"https:\/\/api.w.org\/{rel}","templated":true}]}}