{"id":11695,"date":"2019-01-11T08:28:00","date_gmt":"2019-01-11T08:28:00","guid":{"rendered":"https:\/\/www.lycianwaytrail.com\/frequently-asked-questions\/"},"modified":"2025-03-06T13:18:21","modified_gmt":"2025-03-06T13:18:21","slug":"sikca-sorulan-sorular","status":"publish","type":"page","link":"https:\/\/www.lycianwaytrail.com\/tr\/sikca-sorulan-sorular\/","title":{"rendered":"S\u0131k\u00e7a Sorulan Sorular"},"content":{"rendered":"\t\t<div data-elementor-type=\"wp-page\" data-elementor-id=\"11695\" class=\"elementor elementor-11695\">\n\t\t\t\t<div class=\"elementor-element elementor-element-70362e8 e-flex e-con-boxed e-con e-parent\" data-id=\"70362e8\" data-element_type=\"container\" data-e-type=\"container\">\n\t\t\t\t\t<div class=\"e-con-inner\">\n\t\t<div class=\"elementor-element elementor-element-7120adba e-con-full e-flex e-con e-child\" data-id=\"7120adba\" data-element_type=\"container\" data-e-type=\"container\">\n\t\t\t\t<\/div>\n\t\t<div class=\"elementor-element elementor-element-2e0d7119 e-con-full e-flex e-con e-child\" data-id=\"2e0d7119\" data-element_type=\"container\" data-e-type=\"container\">\n\t\t\t\t<div class=\"elementor-element elementor-element-6300ad0e elementor-widget elementor-widget-heading\" data-id=\"6300ad0e\" data-element_type=\"widget\" data-e-type=\"widget\" data-widget_type=\"heading.default\">\n\t\t\t\t\t<h4 class=\"elementor-heading-title elementor-size-default\">Tura kat\u0131lmadan \u00f6nce sorular\u0131n\u0131z\u0131n cevaplar\u0131n\u0131 bulun, b\u00f6ylece tam olarak ne bilmek istedi\u011finizi \u00f6\u011frenebilirsiniz.<\/h4>\t\t\t\t<\/div>\n\t\t\t\t<\/div>\n\t\t<div class=\"elementor-element elementor-element-42cb352f e-con-full e-flex e-con e-child\" data-id=\"42cb352f\" data-element_type=\"container\" data-e-type=\"container\">\n\t\t\t\t<\/div>\n\t\t\t\t\t<\/div>\n\t\t\t\t<\/div>\n\t\t<div class=\"elementor-element elementor-element-341f17c8 e-flex e-con-boxed e-con e-parent\" data-id=\"341f17c8\" data-element_type=\"container\" data-e-type=\"container\">\n\t\t\t\t\t<div class=\"e-con-inner\">\n\t\t<div class=\"elementor-element elementor-element-19cdbbb5 e-con-full e-flex e-con e-child\" data-id=\"19cdbbb5\" data-element_type=\"container\" data-e-type=\"container\">\n\t\t\t\t<div class=\"elementor-element elementor-element-a83ebad elementor-widget elementor-widget-st_faq\" data-id=\"a83ebad\" data-element_type=\"widget\" data-e-type=\"widget\" data-widget_type=\"st_faq.default\">\n\t\t\t\t<div class=\"elementor-widget-container\">\n\t\t\t\t\t    <div class=\"accordion faq-lib st-style1\" id=\"accordion_list_a83ebad\">\r\n                    <div class=\"accordion-item\">\r\n                <h2 class=\"accordion-header\" id=\"heading_likya-yolu-y\u00fcr\u00fcy\u00fc\u015f-turlar\u0131-genellikle-ne-kadar-s\u00fcrer\">\r\n                    <button class=\"accordion-button   collapsed\" type=\"button\" data-bs-toggle=\"collapse\" data-bs-target=\"#st-likya-yolu-y\u00fcr\u00fcy\u00fc\u015f-turlar\u0131-genellikle-ne-kadar-s\u00fcrer\" aria-expanded=\"false\" aria-controls=\"likya-yolu-y\u00fcr\u00fcy\u00fc\u015f-turlar\u0131-genellikle-ne-kadar-s\u00fcrer\">\r\n                        <span class=\"label\">Likya Yolu y\u00fcr\u00fcy\u00fc\u015f turlar\u0131 genellikle ne kadar s\u00fcrer?<\/span>\r\n                                                <i class=\"stt-icon\"><\/i>\r\n                    <\/button>\r\n                <\/h2>\r\n                <div id=\"st-likya-yolu-y\u00fcr\u00fcy\u00fc\u015f-turlar\u0131-genellikle-ne-kadar-s\u00fcrer\" class=\"accordion-collapse collapse \" aria-labelledby=\"heading_likya-yolu-y\u00fcr\u00fcy\u00fc\u015f-turlar\u0131-genellikle-ne-kadar-s\u00fcrer\" data-bs-parent=\"#accordion_list_a83ebad\">\r\n                    <div class=\"accordion-body\">\r\n                        Likya Yolu y\u00fcr\u00fcy\u00fc\u015f turlar\u0131n\u0131n s\u00fcresi se\u00e7ilen rotaya ve tur operat\u00f6r\u00fcn\u00fcn g\u00fczergah\u0131na g\u00f6re de\u011fi\u015fmektedir. Genellikle turlar 4 ila 10 g\u00fcn aras\u0131nda de\u011fi\u015fmektedir.                    <\/div>\r\n                <\/div>\r\n            <\/div>\r\n            <\/div>\r\n\t\t\t\t<\/div>\n\t\t\t\t<\/div>\n\t\t\t\t<div class=\"elementor-element elementor-element-67790ae elementor-widget elementor-widget-st_faq\" data-id=\"67790ae\" data-element_type=\"widget\" data-e-type=\"widget\" data-widget_type=\"st_faq.default\">\n\t\t\t\t<div class=\"elementor-widget-container\">\n\t\t\t\t\t    <div class=\"accordion faq-lib st-style1\" id=\"accordion_list_67790ae\">\r\n                    <div class=\"accordion-item\">\r\n                <h2 class=\"accordion-header\" id=\"heading_likya-yolu-y\u00fcr\u00fcy\u00fc\u015f-turuna-\u00e7\u0131kmak-i\u00e7in-y\u0131l\u0131n-en-iyi-zaman\u0131-hangisidir\">\r\n                    <button class=\"accordion-button   collapsed\" type=\"button\" data-bs-toggle=\"collapse\" data-bs-target=\"#st-likya-yolu-y\u00fcr\u00fcy\u00fc\u015f-turuna-\u00e7\u0131kmak-i\u00e7in-y\u0131l\u0131n-en-iyi-zaman\u0131-hangisidir\" aria-expanded=\"false\" aria-controls=\"likya-yolu-y\u00fcr\u00fcy\u00fc\u015f-turuna-\u00e7\u0131kmak-i\u00e7in-y\u0131l\u0131n-en-iyi-zaman\u0131-hangisidir\">\r\n                        <span class=\"label\">Likya Yolu y\u00fcr\u00fcy\u00fc\u015f turuna \u00e7\u0131kmak i\u00e7in y\u0131l\u0131n en iyi zaman\u0131 hangisidir?<\/span>\r\n                                                <i class=\"stt-icon\"><\/i>\r\n                    <\/button>\r\n                <\/h2>\r\n                <div id=\"st-likya-yolu-y\u00fcr\u00fcy\u00fc\u015f-turuna-\u00e7\u0131kmak-i\u00e7in-y\u0131l\u0131n-en-iyi-zaman\u0131-hangisidir\" class=\"accordion-collapse collapse \" aria-labelledby=\"heading_likya-yolu-y\u00fcr\u00fcy\u00fc\u015f-turuna-\u00e7\u0131kmak-i\u00e7in-y\u0131l\u0131n-en-iyi-zaman\u0131-hangisidir\" data-bs-parent=\"#accordion_list_67790ae\">\r\n                    <div class=\"accordion-body\">\r\n                        Likya Yolu&#039;nda y\u00fcr\u00fcy\u00fc\u015f yapmak i\u00e7in en iyi zaman ilkbahar (Mart-Nisan-May\u0131s) ve sonbahar (Eyl\u00fcl-Ekim-Kas\u0131m) aylar\u0131d\u0131r. Bu d\u00f6nemlerde hava \u0131l\u0131mand\u0131r ve manzara yemye\u015fil ve canl\u0131d\u0131r.                    <\/div>\r\n                <\/div>\r\n            <\/div>\r\n            <\/div>\r\n\t\t\t\t<\/div>\n\t\t\t\t<\/div>\n\t\t\t\t<div class=\"elementor-element elementor-element-78c6b4f elementor-widget elementor-widget-st_faq\" data-id=\"78c6b4f\" data-element_type=\"widget\" data-e-type=\"widget\" data-widget_type=\"st_faq.default\">\n\t\t\t\t<div class=\"elementor-widget-container\">\n\t\t\t\t\t    <div class=\"accordion faq-lib st-style1\" id=\"accordion_list_78c6b4f\">\r\n                    <div class=\"accordion-item\">\r\n                <h2 class=\"accordion-header\" id=\"heading_y\u00fcr\u00fcy\u00fc\u015f-turuna-kat\u0131lmadan-\u00f6nce-nelere-dikkat-etmeliyim\">\r\n                    <button class=\"accordion-button   collapsed\" type=\"button\" data-bs-toggle=\"collapse\" data-bs-target=\"#st-y\u00fcr\u00fcy\u00fc\u015f-turuna-kat\u0131lmadan-\u00f6nce-nelere-dikkat-etmeliyim\" aria-expanded=\"false\" aria-controls=\"y\u00fcr\u00fcy\u00fc\u015f-turuna-kat\u0131lmadan-\u00f6nce-nelere-dikkat-etmeliyim\">\r\n                        <span class=\"label\">Y\u00fcr\u00fcy\u00fc\u015f turuna kat\u0131lmadan \u00f6nce nelere dikkat etmeliyim?<\/span>\r\n                                                <i class=\"stt-icon\"><\/i>\r\n                    <\/button>\r\n                <\/h2>\r\n                <div id=\"st-y\u00fcr\u00fcy\u00fc\u015f-turuna-kat\u0131lmadan-\u00f6nce-nelere-dikkat-etmeliyim\" class=\"accordion-collapse collapse \" aria-labelledby=\"heading_y\u00fcr\u00fcy\u00fc\u015f-turuna-kat\u0131lmadan-\u00f6nce-nelere-dikkat-etmeliyim\" data-bs-parent=\"#accordion_list_78c6b4f\">\r\n                    <div class=\"accordion-body\">\r\n                        Likya Yolu y\u00fcr\u00fcy\u00fc\u015f turuna \u00e7\u0131kmadan \u00f6nce iyi bir fiziksel kondisyona sahip olmak \u00f6nemlidir. Ayr\u0131ca y\u00fcr\u00fcy\u00fc\u015f botlar\u0131, s\u0131rt \u00e7antas\u0131 ve su \u015fi\u015fesi gibi temel ekipmanlara da ihtiyac\u0131n\u0131z olacak.                    <\/div>\r\n                <\/div>\r\n            <\/div>\r\n            <\/div>\r\n\t\t\t\t<\/div>\n\t\t\t\t<\/div>\n\t\t\t\t<div class=\"elementor-element elementor-element-b29adcc elementor-widget elementor-widget-st_faq\" data-id=\"b29adcc\" data-element_type=\"widget\" data-e-type=\"widget\" data-widget_type=\"st_faq.default\">\n\t\t\t\t<div class=\"elementor-widget-container\">\n\t\t\t\t\t    <div class=\"accordion faq-lib st-style1\" id=\"accordion_list_b29adcc\">\r\n                    <div class=\"accordion-item\">\r\n                <h2 class=\"accordion-header\" id=\"heading_likya-yolu-\u00fczerinde-hangi-tarihi-ve-do\u011fal-g\u00fczellikleri-g\u00f6rebilirim\">\r\n                    <button class=\"accordion-button   collapsed\" type=\"button\" data-bs-toggle=\"collapse\" data-bs-target=\"#st-likya-yolu-\u00fczerinde-hangi-tarihi-ve-do\u011fal-g\u00fczellikleri-g\u00f6rebilirim\" aria-expanded=\"false\" aria-controls=\"likya-yolu-\u00fczerinde-hangi-tarihi-ve-do\u011fal-g\u00fczellikleri-g\u00f6rebilirim\">\r\n                        <span class=\"label\">Likya Yolu \u00fczerinde hangi tarihi ve do\u011fal g\u00fczellikleri g\u00f6rebilirim?<\/span>\r\n                                                <i class=\"stt-icon\"><\/i>\r\n                    <\/button>\r\n                <\/h2>\r\n                <div id=\"st-likya-yolu-\u00fczerinde-hangi-tarihi-ve-do\u011fal-g\u00fczellikleri-g\u00f6rebilirim\" class=\"accordion-collapse collapse \" aria-labelledby=\"heading_likya-yolu-\u00fczerinde-hangi-tarihi-ve-do\u011fal-g\u00fczellikleri-g\u00f6rebilirim\" data-bs-parent=\"#accordion_list_b29adcc\">\r\n                    <div class=\"accordion-body\">\r\n                        Likya Yolu y\u00fcr\u00fcy\u00fc\u015f turlar\u0131, antik kentler, bozulmam\u0131\u015f plajlar, ormanlar, da\u011flar ve nefes kesen manzaralar da dahil olmak \u00fczere \u00e7ok say\u0131da tarihi ve do\u011fal g\u00fczelli\u011fi g\u00f6rme f\u0131rsat\u0131 sunuyor.                    <\/div>\r\n                <\/div>\r\n            <\/div>\r\n            <\/div>\r\n\t\t\t\t<\/div>\n\t\t\t\t<\/div>\n\t\t\t\t<\/div>\n\t\t<div class=\"elementor-element elementor-element-5c5e919d e-con-full e-flex e-con e-child\" data-id=\"5c5e919d\" data-element_type=\"container\" data-e-type=\"container\">\n\t\t\t\t<div class=\"elementor-element elementor-element-d0fd9e8 elementor-widget elementor-widget-st_faq\" data-id=\"d0fd9e8\" data-element_type=\"widget\" data-e-type=\"widget\" data-widget_type=\"st_faq.default\">\n\t\t\t\t<div class=\"elementor-widget-container\">\n\t\t\t\t\t    <div class=\"accordion faq-lib st-style1\" id=\"accordion_list_d0fd9e8\">\r\n                    <div class=\"accordion-item\">\r\n                <h2 class=\"accordion-header\" id=\"heading_likya-yolu-nda-rehberli-turlar-mevcut-mu\">\r\n                    <button class=\"accordion-button   collapsed\" type=\"button\" data-bs-toggle=\"collapse\" data-bs-target=\"#st-likya-yolu-nda-rehberli-turlar-mevcut-mu\" aria-expanded=\"false\" aria-controls=\"likya-yolu-nda-rehberli-turlar-mevcut-mu\">\r\n                        <span class=\"label\">Likya Yolu&#039;nda rehberli turlar mevcut mu?<\/span>\r\n                                                <i class=\"stt-icon\"><\/i>\r\n                    <\/button>\r\n                <\/h2>\r\n                <div id=\"st-likya-yolu-nda-rehberli-turlar-mevcut-mu\" class=\"accordion-collapse collapse \" aria-labelledby=\"heading_likya-yolu-nda-rehberli-turlar-mevcut-mu\" data-bs-parent=\"#accordion_list_d0fd9e8\">\r\n                    <div class=\"accordion-body\">\r\n                        Evet, Likya Yolu y\u00fcr\u00fcy\u00fc\u015f turlar\u0131n\u0131n \u00e7o\u011fu deneyimli rehberler e\u015fli\u011finde yap\u0131l\u0131r. Rehberler sizi patikalar boyunca y\u00f6nlendirecek, b\u00f6lge hakk\u0131nda bilgi verecek ve g\u00fcvenli\u011finizi sa\u011flayacakt\u0131r.                    <\/div>\r\n                <\/div>\r\n            <\/div>\r\n            <\/div>\r\n\t\t\t\t<\/div>\n\t\t\t\t<\/div>\n\t\t\t\t<div class=\"elementor-element elementor-element-299e58b elementor-widget elementor-widget-st_faq\" data-id=\"299e58b\" data-element_type=\"widget\" data-e-type=\"widget\" data-widget_type=\"st_faq.default\">\n\t\t\t\t<div class=\"elementor-widget-container\">\n\t\t\t\t\t    <div class=\"accordion faq-lib st-style1\" id=\"accordion_list_299e58b\">\r\n                    <div class=\"accordion-item\">\r\n                <h2 class=\"accordion-header\" id=\"heading_y\u00fcr\u00fcy\u00fc\u015f-s\u0131ras\u0131nda-yiyecek-ve-i\u00e7ecek-ihtiyac\u0131n\u0131-nas\u0131l-kar\u015f\u0131lar\u0131m\">\r\n                    <button class=\"accordion-button   collapsed\" type=\"button\" data-bs-toggle=\"collapse\" data-bs-target=\"#st-y\u00fcr\u00fcy\u00fc\u015f-s\u0131ras\u0131nda-yiyecek-ve-i\u00e7ecek-ihtiyac\u0131n\u0131-nas\u0131l-kar\u015f\u0131lar\u0131m\" aria-expanded=\"false\" aria-controls=\"y\u00fcr\u00fcy\u00fc\u015f-s\u0131ras\u0131nda-yiyecek-ve-i\u00e7ecek-ihtiyac\u0131n\u0131-nas\u0131l-kar\u015f\u0131lar\u0131m\">\r\n                        <span class=\"label\">Y\u00fcr\u00fcy\u00fc\u015f s\u0131ras\u0131nda yiyecek ve i\u00e7ecek ihtiyac\u0131n\u0131 nas\u0131l kar\u015f\u0131lar\u0131m?<\/span>\r\n                                                <i class=\"stt-icon\"><\/i>\r\n                    <\/button>\r\n                <\/h2>\r\n                <div id=\"st-y\u00fcr\u00fcy\u00fc\u015f-s\u0131ras\u0131nda-yiyecek-ve-i\u00e7ecek-ihtiyac\u0131n\u0131-nas\u0131l-kar\u015f\u0131lar\u0131m\" class=\"accordion-collapse collapse \" aria-labelledby=\"heading_y\u00fcr\u00fcy\u00fc\u015f-s\u0131ras\u0131nda-yiyecek-ve-i\u00e7ecek-ihtiyac\u0131n\u0131-nas\u0131l-kar\u015f\u0131lar\u0131m\" data-bs-parent=\"#accordion_list_299e58b\">\r\n                    <div class=\"accordion-body\">\r\n                        Y\u00fcr\u00fcy\u00fc\u015fleriniz s\u0131ras\u0131nda kendinizi idare edebilmeniz i\u00e7in yan\u0131n\u0131zda at\u0131\u015ft\u0131rmal\u0131klar ve su getirebilirsiniz. Baz\u0131 tur operat\u00f6rleri tur paketlerine yemek de dahil edebilir.                    <\/div>\r\n                <\/div>\r\n            <\/div>\r\n            <\/div>\r\n\t\t\t\t<\/div>\n\t\t\t\t<\/div>\n\t\t\t\t<div class=\"elementor-element elementor-element-ce38864 elementor-widget elementor-widget-st_faq\" data-id=\"ce38864\" data-element_type=\"widget\" data-e-type=\"widget\" data-widget_type=\"st_faq.default\">\n\t\t\t\t<div class=\"elementor-widget-container\">\n\t\t\t\t\t    <div class=\"accordion faq-lib st-style1\" id=\"accordion_list_ce38864\">\r\n                    <div class=\"accordion-item\">\r\n                <h2 class=\"accordion-header\" id=\"heading_turlara-\u00f6nceden-rezervasyon-yapt\u0131rmam-gerekiyor-mu\">\r\n                    <button class=\"accordion-button   collapsed\" type=\"button\" data-bs-toggle=\"collapse\" data-bs-target=\"#st-turlara-\u00f6nceden-rezervasyon-yapt\u0131rmam-gerekiyor-mu\" aria-expanded=\"false\" aria-controls=\"turlara-\u00f6nceden-rezervasyon-yapt\u0131rmam-gerekiyor-mu\">\r\n                        <span class=\"label\">Turlara \u00f6nceden rezervasyon yapt\u0131rmam gerekiyor mu?<\/span>\r\n                                                <i class=\"stt-icon\"><\/i>\r\n                    <\/button>\r\n                <\/h2>\r\n                <div id=\"st-turlara-\u00f6nceden-rezervasyon-yapt\u0131rmam-gerekiyor-mu\" class=\"accordion-collapse collapse \" aria-labelledby=\"heading_turlara-\u00f6nceden-rezervasyon-yapt\u0131rmam-gerekiyor-mu\" data-bs-parent=\"#accordion_list_ce38864\">\r\n                    <div class=\"accordion-body\">\r\n                        Evet, \u00f6zellikle yo\u011fun sezonlarda Likya Yolu y\u00fcr\u00fcy\u00fc\u015f turlar\u0131na \u00f6nceden rezervasyon yapt\u0131rman\u0131z \u00f6nerilir.                    <\/div>\r\n                <\/div>\r\n            <\/div>\r\n            <\/div>\r\n\t\t\t\t<\/div>\n\t\t\t\t<\/div>\n\t\t\t\t<div class=\"elementor-element elementor-element-1acebf5 elementor-widget elementor-widget-st_faq\" data-id=\"1acebf5\" data-element_type=\"widget\" data-e-type=\"widget\" data-widget_type=\"st_faq.default\">\n\t\t\t\t<div class=\"elementor-widget-container\">\n\t\t\t\t\t    <div class=\"accordion faq-lib st-style1\" id=\"accordion_list_1acebf5\">\r\n                    <div class=\"accordion-item\">\r\n                <h2 class=\"accordion-header\" id=\"heading_likya-yolu-turlar\u0131nda-konaklama-se\u00e7enekleri-nas\u0131ld\u0131r\">\r\n                    <button class=\"accordion-button   collapsed\" type=\"button\" data-bs-toggle=\"collapse\" data-bs-target=\"#st-likya-yolu-turlar\u0131nda-konaklama-se\u00e7enekleri-nas\u0131ld\u0131r\" aria-expanded=\"false\" aria-controls=\"likya-yolu-turlar\u0131nda-konaklama-se\u00e7enekleri-nas\u0131ld\u0131r\">\r\n                        <span class=\"label\">Likya Yolu turlar\u0131nda konaklama se\u00e7enekleri nas\u0131ld\u0131r?<\/span>\r\n                                                <i class=\"stt-icon\"><\/i>\r\n                    <\/button>\r\n                <\/h2>\r\n                <div id=\"st-likya-yolu-turlar\u0131nda-konaklama-se\u00e7enekleri-nas\u0131ld\u0131r\" class=\"accordion-collapse collapse \" aria-labelledby=\"heading_likya-yolu-turlar\u0131nda-konaklama-se\u00e7enekleri-nas\u0131ld\u0131r\" data-bs-parent=\"#accordion_list_1acebf5\">\r\n                    <div class=\"accordion-body\">\r\n                        Likya Yolu y\u00fcr\u00fcy\u00fc\u015f turlar\u0131nda konaklama genellikle belirlenmi\u015f alanlarda kamp yapmaktan veya pansiyonlarda (k\u00fc\u00e7\u00fck misafirhaneler) kalmaktan olu\u015fur. Tur operat\u00f6rleri genellikle tur g\u00fczergahlar\u0131nda konaklama se\u00e7eneklerini belirtir.                    <\/div>\r\n                <\/div>\r\n            <\/div>\r\n            <\/div>\r\n\t\t\t\t<\/div>\n\t\t\t\t<\/div>\n\t\t\t\t<\/div>\n\t\t\t\t\t<\/div>\n\t\t\t\t<\/div>\n\t\t\t\t<\/div>\n\t\t","protected":false},"excerpt":{"rendered":"<p>Tura kat\u0131lmadan \u00f6nce sorular\u0131n\u0131z\u0131n cevaplar\u0131n\u0131 bulun, b\u00f6ylece tam olarak ne bilmek istedi\u011finizi \u00f6\u011frenebilirsiniz. Likya Yolu y\u00fcr\u00fcy\u00fc\u015f turlar\u0131 genellikle ne kadar s\u00fcrer? Likya Yolu y\u00fcr\u00fcy\u00fc\u015f turlar\u0131n\u0131n s\u00fcresi se\u00e7ilen rotaya ve tur operat\u00f6r\u00fcn\u00fcn g\u00fczergah\u0131na g\u00f6re de\u011fi\u015fmektedir. Genellikle turlar 4 ila 10 g\u00fcn aras\u0131nda de\u011fi\u015fmektedir. Likya Yolu y\u00fcr\u00fcy\u00fc\u015f turuna \u00e7\u0131kmak i\u00e7in y\u0131l\u0131n en iyi zaman\u0131 hangisidir? Likya Yolu&#039;nda [&hellip;]<\/p>\n","protected":false},"author":1,"featured_media":11558,"parent":0,"menu_order":0,"comment_status":"closed","ping_status":"closed","template":"","meta":{"footnotes":""},"class_list":["post-11695","page","type-page","status-publish","has-post-thumbnail","hentry"],"_links":{"self":[{"href":"https:\/\/www.lycianwaytrail.com\/tr\/wp-json\/wp\/v2\/pages\/11695","targetHints":{"allow":["GET"]}}],"collection":[{"href":"https:\/\/www.lycianwaytrail.com\/tr\/wp-json\/wp\/v2\/pages"}],"about":[{"href":"https:\/\/www.lycianwaytrail.com\/tr\/wp-json\/wp\/v2\/types\/page"}],"author":[{"embeddable":true,"href":"https:\/\/www.lycianwaytrail.com\/tr\/wp-json\/wp\/v2\/users\/1"}],"replies":[{"embeddable":true,"href":"https:\/\/www.lycianwaytrail.com\/tr\/wp-json\/wp\/v2\/comments?post=11695"}],"version-history":[{"count":0,"href":"https:\/\/www.lycianwaytrail.com\/tr\/wp-json\/wp\/v2\/pages\/11695\/revisions"}],"wp:featuredmedia":[{"embeddable":true,"href":"https:\/\/www.lycianwaytrail.com\/tr\/wp-json\/wp\/v2\/media\/11558"}],"wp:attachment":[{"href":"https:\/\/www.lycianwaytrail.com\/tr\/wp-json\/wp\/v2\/media?parent=11695"}],"curies":[{"name":"wp","href":"https:\/\/api.w.org\/{rel}","templated":true}]}}